{"id":67,"date":"2025-01-01T17:51:52","date_gmt":"2025-01-01T17:51:52","guid":{"rendered":"https:\/\/protestantsdanslaville.org\/wordpress\/?page_id=67"},"modified":"2025-01-05T09:22:20","modified_gmt":"2025-01-05T08:22:20","slug":"a-propos","status":"publish","type":"page","link":"https:\/\/protestantsdanslaville.org\/wordpress\/a-propos\/","title":{"rendered":"\u00c0 propos"},"content":{"rendered":"\n<p>Dans l&rsquo;esprit du protestantisme, des pasteurs, une journaliste, des th\u00e9ologiens membres de l&rsquo;\u00c9glise r\u00e9form\u00e9e, des th\u00e9ologiens am\u00e9ricains ou anglais, int\u00e9gr\u00e9s dans la vie de notre soci\u00e9t\u00e9, solidaires de la construction pour demain d&rsquo;un monde meilleur, partagent librement avec vous leur foi et leur enthousiasme. Avec le soutien de l&rsquo;association suisse \u00ab\u00a0La R\u00e9forme progressive\u00a0\u00bb.<\/p>\n\n\n\n<p>Fondateur et responsable de publication : <strong><a href=\"https:\/\/protestantsdanslaville.org\/wordpress\/auteur\/gilles-castelnau\/\" data-type=\"external_author\" data-id=\"31\">Gilles Castelnau<\/a><\/strong><\/p>\n\n\n\n<p>D\u00e9veloppement web : <strong><a href=\"https:\/\/linktr.ee\/raphaelgeorgy\" data-type=\"link\" data-id=\"https:\/\/linktr.ee\/raphaelgeorgy\">Rapha\u00ebl Georgy<\/a><\/strong><\/p>\n","protected":false},"excerpt":{"rendered":"<p>Dans l&rsquo;esprit du protestantisme, des pasteurs, une journaliste, des th\u00e9ologiens membres de l&rsquo;\u00c9glise r\u00e9form\u00e9e, des th\u00e9ologiens am\u00e9ricains ou anglais, int\u00e9gr\u00e9s dans la vie de notre soci\u00e9t\u00e9, solidaires de la construction pour demain d&rsquo;un monde meilleur, partagent librement avec vous leur foi et leur enthousiasme. Avec le soutien de l&rsquo;association suisse \u00ab\u00a0La R\u00e9forme progressive\u00a0\u00bb. Fondateur et [&hellip;]<\/p>\n","protected":false},"author":1,"featured_media":0,"parent":0,"menu_order":0,"comment_status":"closed","ping_status":"closed","template":"","meta":{"footnotes":""},"class_list":["post-67","page","type-page","status-publish","hentry"],"jetpack_sharing_enabled":true,"_links":{"self":[{"href":"https:\/\/protestantsdanslaville.org\/wordpress\/wp-json\/wp\/v2\/pages\/67","targetHints":{"allow":["GET"]}}],"collection":[{"href":"https:\/\/protestantsdanslaville.org\/wordpress\/wp-json\/wp\/v2\/pages"}],"about":[{"href":"https:\/\/protestantsdanslaville.org\/wordpress\/wp-json\/wp\/v2\/types\/page"}],"author":[{"embeddable":true,"href":"https:\/\/protestantsdanslaville.org\/wordpress\/wp-json\/wp\/v2\/users\/1"}],"replies":[{"embeddable":true,"href":"https:\/\/protestantsdanslaville.org\/wordpress\/wp-json\/wp\/v2\/comments?post=67"}],"version-history":[{"count":5,"href":"https:\/\/protestantsdanslaville.org\/wordpress\/wp-json\/wp\/v2\/pages\/67\/revisions"}],"predecessor-version":[{"id":621,"href":"https:\/\/protestantsdanslaville.org\/wordpress\/wp-json\/wp\/v2\/pages\/67\/revisions\/621"}],"wp:attachment":[{"href":"https:\/\/protestantsdanslaville.org\/wordpress\/wp-json\/wp\/v2\/media?parent=67"}],"curies":[{"name":"wp","href":"https:\/\/api.w.org\/{rel}","templated":true}]}}