{"id":30,"date":"2025-01-01T12:18:07","date_gmt":"2025-01-01T12:18:07","guid":{"rendered":"https:\/\/protestantsdanslaville.org\/wordpress\/?page_id=30"},"modified":"2026-03-02T16:04:47","modified_gmt":"2026-03-02T15:04:47","slug":"liens","status":"publish","type":"page","link":"https:\/\/protestantsdanslaville.org\/wordpress\/liens\/","title":{"rendered":"Liens"},"content":{"rendered":"\n<p class=\"has-text-align-center\">\u00ab\u00a0Protestants dans la ville\u00a0\u00bb fait partie des r\u00e9seaux<\/p>\n\n\n\n<p class=\"has-text-align-center\"><a href=\"https:\/\/www.youtube.com\/c\/F%C3%A9d%C3%A9rationprotestantedeFrance\">F\u00e9d\u00e9ration protestante de France<br><\/a><a href=\"https:\/\/epudf.org\">\u00c9glise protestante Unie de France<\/a><a href=\"http:\/\/www.frequenceprotestante.com\/\"><br>Radio Fr\u00e9quence protestante<\/a><a href=\"http:\/\/www.protestants.org\/portail.htm#aumoneries\"><br><\/a><a href=\"http:\/\/progressivechristianity.org\/\">Progressive Christianity<\/a><br><a href=\"https:\/\/protestantsdanslaville.org\/reseau-liberal-anglophone\/ang4.htm\">Le r\u00e9seau \u00ab&nbsp;Sea of Faith&nbsp;\u00bb<\/a><\/p>\n\n\n\n<p class=\"has-text-align-center\">G\u00e9n\u00e9alogie ascendante de\u00a0<a href=\"http:\/\/protestantsdanslaville.org\/gilles-castelnau-genealogie\/GG.htm\">Gilles<\/a> et <a href=\"https:\/\/protestantsdanslaville.org\/claudine-castelnau-genealogie\/CG.htm\">Claudine<\/a> Castelnau<\/p>\n\n\n\n<figure class=\"wp-block-image aligncenter size-full is-resized\"><img loading=\"lazy\" decoding=\"async\" width=\"567\" height=\"476\" src=\"https:\/\/protestantsdanslaville.org\/wordpress\/wp-content\/uploads\/2025\/08\/liens.garcon.jpeg\" alt=\"\" class=\"wp-image-2225\" style=\"width:569px;height:auto\" srcset=\"https:\/\/protestantsdanslaville.org\/wordpress\/wp-content\/uploads\/2025\/08\/liens.garcon.jpeg 567w, https:\/\/protestantsdanslaville.org\/wordpress\/wp-content\/uploads\/2025\/08\/liens.garcon-300x252.jpeg 300w\" sizes=\"auto, (max-width: 567px) 100vw, 567px\" \/><figcaption class=\"wp-element-caption\">Albert Edelfelt, Jeunes gar\u00e7ons jouant sur la plage<\/figcaption><\/figure>\n\n\n\n<p class=\"has-text-align-center\"><\/p>\n\n\n\n<p class=\"has-text-align-center\"><strong>Nous vous sugg\u00e9rons les sites de<\/strong><br><a href=\"https:\/\/www.dieupournous-theologieduprocess.com\/\">Th\u00e9ologie du Process<\/a><br><a href=\"https:\/\/www.libre-croyant-e.fr\/lunion-protestante-liberale-et-progressiste\/\">Union Protestante Lib\u00e9rale &amp; Progressiste<\/a><strong><br><\/strong><a href=\"https:\/\/ensemblepourunefoicredible.wordpress.com\/\">Blog de Michel Leconte<\/a><br><a href=\"https:\/\/www.reseaux-parvis.fr\">R\u00e9seau du Parvis<\/a><br><a href=\"https:\/\/nsae.fr\/\">Nous sommes aussi l&rsquo;\u00c9glise<\/a><br><a href=\"https:\/\/saintmerry-hors-les-murs.com\/\">Saint-Merry-hors-les-mur<\/a><br><a href=\"https:\/\/www.karthala.com\/\">\u00c9ditions Karthala<br><\/a><a href=\"https:\/\/regardsprotestants.com\/partenaires\/blog-de-sebastien-fath\/\">Blog de S\u00e9bastien Fath<\/a><a href=\"http:\/\/www.pasteurdudimanche.fr\/\"><br>Pasteurdudimanche<br><\/a><a href=\"https:\/\/www.foi-et-vie.fr\/\">Foi et Vie<br><\/a><a href=\"https:\/\/regardsprotestants.com\/\">Regards protestants<br><\/a><a href=\"https:\/\/www.christianismesocial.org\/\">Revue du Christianisme social<\/a><a href=\"http:\/\/wp.unil.ch\/allezsavoir\/category\/themes\/religion\/\"><br><\/a><a href=\"http:\/\/oratoiredulouvre.fr\/\">\u00c9glise protestante unie de l&rsquo;Oratoire du Louvre<\/a><br><a href=\"https:\/\/www.foyerdelame.fr\/\">\u00c9glise protestante unie du Foyer de l&rsquo;\u00e2me<\/a><a href=\"http:\/\/www.egliseprotestantebatignolles.org\/\"><br>\u00c9glise protestante unie de Batignolles<\/a><a href=\"http:\/\/www.regardsprotestants.com\/\"><br><\/a><a href=\"http:\/\/www.erf-neuilly.com\/\">\u00c9glise protestante unie de Neuilly<\/a><a href=\"http:\/\/protestants-hagondange-maizieres.fr\/\"><br><\/a><a href=\"http:\/\/www.eretoile.org\/\">\u00c9glise protestante unie de Paris-\u00c9toile<br><\/a><a href=\"http:\/\/unionprotlib.free.fr\/\">Union protestante lib\u00e9rale de Strasbourg<\/a><a href=\"https:\/\/espritdeliberte.leswoody.net\/\"><br>Blog du pasteur James Woody<\/a><a href=\"http:\/\/www3.unil.ch\/wpmu\/allezsavoir\/category\/themes\/religion\/\"><br><\/a><a href=\"http:\/\/andregounelle.fr\/\">Blog du professeur Andr\u00e9 Gounelle<\/a><a href=\"http:\/\/sergesoulie.over-blog.com\/\"><br><\/a><a href=\"https:\/\/jeanalexandre.fr\/Index\">Blog du pasteur Jean Alexandre<\/a><br><a href=\"http:\/\/jean.hoibian.over-blog.com\/\">Blog du pasteur Jean Hoibian<\/a><a href=\"http:\/\/chenedemamre.com\/\"><br><\/a><a href=\"http:\/\/www.museeprotestant.org\/\">Mus\u00e9e protestant virtuel<\/a><a href=\"http:\/\/etudianttheologie.over-blog.com\/\"><br><\/a><a href=\"http:\/\/fr.wikipedia.org\/wiki\/Portail:Protestantisme\">Portail protestant de Wikipedia<\/a><a href=\"http:\/\/prolib.net\/pierre_bailleux\/\"><br><\/a><a href=\"http:\/\/wp.unil.ch\/allezsavoir\/category\/themes\/religion\/\">Magazine de l&rsquo;Universit\u00e9 de Lausanne<br><\/a><a href=\"http:\/\/librepenseechretienne.over-blog.com\/\">Revue de la Libre Pens\u00e9e Chr\u00e9tienne<\/a><\/p>\n","protected":false},"excerpt":{"rendered":"<p>\u00ab\u00a0Protestants dans la ville\u00a0\u00bb fait partie des r\u00e9seaux F\u00e9d\u00e9ration protestante de France\u00c9glise protestante Unie de FranceRadio Fr\u00e9quence protestanteProgressive ChristianityLe r\u00e9seau \u00ab&nbsp;Sea of Faith&nbsp;\u00bb G\u00e9n\u00e9alogie ascendante de\u00a0Gilles et Claudine Castelnau Nous vous sugg\u00e9rons les sites deTh\u00e9ologie du ProcessUnion Protestante Lib\u00e9rale &amp; ProgressisteBlog de Michel LeconteR\u00e9seau du ParvisNous sommes aussi l&rsquo;\u00c9gliseSaint-Merry-hors-les-mur\u00c9ditions KarthalaBlog de S\u00e9bastien FathPasteurdudimancheFoi et VieRegards [&hellip;]<\/p>\n","protected":false},"author":1,"featured_media":0,"parent":0,"menu_order":0,"comment_status":"closed","ping_status":"closed","template":"","meta":{"footnotes":""},"class_list":["post-30","page","type-page","status-publish","hentry"],"jetpack_sharing_enabled":true,"_links":{"self":[{"href":"https:\/\/protestantsdanslaville.org\/wordpress\/wp-json\/wp\/v2\/pages\/30","targetHints":{"allow":["GET"]}}],"collection":[{"href":"https:\/\/protestantsdanslaville.org\/wordpress\/wp-json\/wp\/v2\/pages"}],"about":[{"href":"https:\/\/protestantsdanslaville.org\/wordpress\/wp-json\/wp\/v2\/types\/page"}],"author":[{"embeddable":true,"href":"https:\/\/protestantsdanslaville.org\/wordpress\/wp-json\/wp\/v2\/users\/1"}],"replies":[{"embeddable":true,"href":"https:\/\/protestantsdanslaville.org\/wordpress\/wp-json\/wp\/v2\/comments?post=30"}],"version-history":[{"count":19,"href":"https:\/\/protestantsdanslaville.org\/wordpress\/wp-json\/wp\/v2\/pages\/30\/revisions"}],"predecessor-version":[{"id":3499,"href":"https:\/\/protestantsdanslaville.org\/wordpress\/wp-json\/wp\/v2\/pages\/30\/revisions\/3499"}],"wp:attachment":[{"href":"https:\/\/protestantsdanslaville.org\/wordpress\/wp-json\/wp\/v2\/media?parent=30"}],"curies":[{"name":"wp","href":"https:\/\/api.w.org\/{rel}","templated":true}]}}